{"id":20,"date":"2026-03-09T10:14:14","date_gmt":"2026-03-09T10:14:14","guid":{"rendered":"https:\/\/tilpoxa.blog\/?page_id=20"},"modified":"2026-03-18T11:32:25","modified_gmt":"2026-03-18T11:32:25","slug":"kontakt-zum-atelier","status":"publish","type":"page","link":"https:\/\/tilpoxa.blog\/?page_id=20","title":{"rendered":"Hydratisierte Logistik &amp; Kontakt"},"content":{"rendered":"\n<p>Der Transport von empfindlichen floralen Konstruktionen ist die kritischste Phase im Verkaufsprozess. Bei <strong>tilpoxa<\/strong> haben wir ein Logistiksystem entwickelt, das mechanische Sch\u00e4den und Dehydration w\u00e4hrend der Auslieferung in Augsburg vollst\u00e4ndig eliminiert.<\/p>\n\n\n\n<p><strong>VERPACKUNGSTECHNIK UND FEUCHTIGKEITSERHALT<\/strong> Jeder Strau\u00df verl\u00e4sst unsere Werkstatt in einer speziellen Transportarchitektur. Die empfindlichen Stielenden werden in ein hochabsorbierendes, wassergetr\u00e4nktes Vlies (Aqua-Pad) geh\u00fcllt und hermetisch mit einer Bio-Folie versiegelt. Dies garantiert eine kontinuierliche Hydratation der Blumen f\u00fcr bis zu 24 Stunden, selbst bei unvorhergesehenen Verz\u00f6gerungen auf der Transportroute. Der Strau\u00df selbst wird in einem stabilen, recycelbaren Kraftkarton fixiert, der ein Verrutschen oder mechanisches Abknicken der Bl\u00fctenk\u00f6pfe physikalisch unm\u00f6glich macht.<\/p>\n\n\n\n<p><strong>KLIMATISIERTE ROUTENPLANUNG<\/strong> Unsere Kurierfahrten im Stadtgebiet Augsburg werden algorithmisch so optimiert, dass die Auslieferungszeiten auf ein Minimum reduziert werden. Die Transportfahrzeuge sind temperaturkontrolliert, um gef\u00e4hrlichen Hitzestau im Sommer und irreversible Frostsch\u00e4den an den Zellw\u00e4nden der Pflanzen im Winter strikt zu vermeiden.<\/p>\n\n\n\n<p><strong>OPERATIVE DATEN UND KUNDENSERVICE<\/strong> Haben Sie spezielle W\u00fcnsche f\u00fcr ein Event-Arrangement oder R\u00fcckfragen zum Status Ihrer tagesaktuellen Blumenlieferung?<\/p>\n\n\n\n<ul class=\"wp-block-list\">\n<li><strong>Werkstattleitung:<\/strong> Berkay Ozer<\/li>\n\n\n\n<li><strong>Zentrum der Logistik:<\/strong> Provinostr. 32, 86153 Augsburg, Deutschland<\/li>\n\n\n\n<li><strong>Markenidentifikator:<\/strong> tilpoxa<\/li>\n\n\n\n<li><strong>Zentraler Support:<\/strong> <strong>help@tilpoxa.blog<\/strong><\/li>\n\n\n\n<li><strong>Telefonnummer: +(49)\/312\/547\/61\/78<\/strong><\/li>\n<\/ul>\n","protected":false},"excerpt":{"rendered":"<p>Der Transport von empfindlichen floralen Konstruktionen ist die kritischste Phase im Verkaufsprozess. Bei tilpoxa haben wir ein Logistiksystem entwickelt, das mechanische Sch\u00e4den und Dehydration w\u00e4hrend der Auslieferung in Augsburg vollst\u00e4ndig eliminiert. VERPACKUNGSTECHNIK UND FEUCHTIGKEITSERHALT Jeder Strau\u00df verl\u00e4sst unsere Werkstatt in einer speziellen Transportarchitektur. Die empfindlichen Stielenden werden in ein hochabsorbierendes, wassergetr\u00e4nktes Vlies (Aqua-Pad) geh\u00fcllt und <a href=\"https:\/\/tilpoxa.blog\/?page_id=20\" class=\"more-link\">&#8230;<span class=\"screen-reader-text\">  Hydratisierte Logistik &amp; Kontakt<\/span><\/a><\/p>\n","protected":false},"author":1,"featured_media":0,"parent":0,"menu_order":4,"comment_status":"closed","ping_status":"closed","template":"","meta":{"footnotes":""},"class_list":["post-20","page","type-page","status-publish","hentry"],"_links":{"self":[{"href":"https:\/\/tilpoxa.blog\/index.php?rest_route=\/wp\/v2\/pages\/20","targetHints":{"allow":["GET"]}}],"collection":[{"href":"https:\/\/tilpoxa.blog\/index.php?rest_route=\/wp\/v2\/pages"}],"about":[{"href":"https:\/\/tilpoxa.blog\/index.php?rest_route=\/wp\/v2\/types\/page"}],"author":[{"embeddable":true,"href":"https:\/\/tilpoxa.blog\/index.php?rest_route=\/wp\/v2\/users\/1"}],"replies":[{"embeddable":true,"href":"https:\/\/tilpoxa.blog\/index.php?rest_route=%2Fwp%2Fv2%2Fcomments&post=20"}],"version-history":[{"count":2,"href":"https:\/\/tilpoxa.blog\/index.php?rest_route=\/wp\/v2\/pages\/20\/revisions"}],"predecessor-version":[{"id":52,"href":"https:\/\/tilpoxa.blog\/index.php?rest_route=\/wp\/v2\/pages\/20\/revisions\/52"}],"wp:attachment":[{"href":"https:\/\/tilpoxa.blog\/index.php?rest_route=%2Fwp%2Fv2%2Fmedia&parent=20"}],"curies":[{"name":"wp","href":"https:\/\/api.w.org\/{rel}","templated":true}]}}