{"id":48,"date":"2026-03-18T11:31:49","date_gmt":"2026-03-18T11:31:49","guid":{"rendered":"https:\/\/tilpoxa.blog\/?page_id=48"},"modified":"2026-03-18T11:31:52","modified_gmt":"2026-03-18T11:31:52","slug":"allgemeine-geschaeftsbedingungen-agb","status":"publish","type":"page","link":"https:\/\/tilpoxa.blog\/?page_id=48","title":{"rendered":"Allgemeine Gesch\u00e4ftsbedingungen (AGB)"},"content":{"rendered":"\n<p>Diese Allgemeinen Gesch\u00e4ftsbedingungen (AGB) regeln das Vertragsverh\u00e4ltnis zwischen Berkay Ozer (tilpoxa) und den Kunden unseres Floristik-Onlineshops. Sie bilden die rechtliche Basis f\u00fcr jeden Kauf von Schnittblumen, Topfpflanzen und botanischem Zubeh\u00f6r.<\/p>\n\n\n\n<p><strong>\u00a7 1 VERTRAGSSCHLUSS UND PRODUKTDARSTELLUNG<\/strong> Die Pr\u00e4sentation unserer Blumenstr\u00e4u\u00dfe im digitalen Schaufenster von tilpoxa stellt kein rechtlich bindendes Angebot, sondern eine Aufforderung zur Bestellung dar. Da Blumen lebendige Naturprodukte sind, k\u00f6nnen Form, Farbe und exakte Zusammensetzung leicht von den Produktbildern abweichen (z. B. wenn eine bestimmte Bl\u00fcte saisonal nicht verf\u00fcgbar ist). Wir garantieren jedoch stets die Einhaltung des vereinbarten Warenwertes und des grundlegenden Farbkonzepts.<\/p>\n\n\n\n<p><strong>\u00a7 2 AUSSCHLUSS DES WIDERRUFSRECHTS (VERDERBLICHE WARE)<\/strong> Gem\u00e4\u00df \u00a7 312g Abs. 2 Nr. 2 BGB besteht bei Fernabsatzvertr\u00e4gen zur Lieferung von Waren, die schnell verderben k\u00f6nnen oder deren Verfallsdatum schnell \u00fcberschritten w\u00fcrde, <strong>kein Widerrufsrecht<\/strong>. Frische Schnittblumen und individuell angefertigte florale Arrangements sind von der R\u00fcckgabe oder dem Umtausch nach der Auslieferung gesetzlich und vertraglich zwingend ausgeschlossen.<\/p>\n\n\n\n<p><strong>\u00a7 3 ZUSTELLUNGSBEDINGUNGEN UND GEFAHREN\u00dcBERGANG<\/strong> Wir garantieren die fristgerechte \u00dcbergabe an unsere Boten in Augsburg. Sollte der Empf\u00e4nger zum vereinbarten Lieferzeitpunkt nicht anzutreffen sein, sind unsere Kuriere berechtigt, das Arrangement bei einem Ersatzempf\u00e4nger (z. B. einem Nachbarn) abzugeben oder es, sofern die Witterungsbedingungen (kein Frost, keine direkte Sonne) es zulassen, an einem gesch\u00fctzten Ort vor der Haust\u00fcr zu deponieren. Mit der \u00dcbergabe oder Ablage geht die Gefahr auf den K\u00e4ufer \u00fcber.<\/p>\n","protected":false},"excerpt":{"rendered":"<p>Diese Allgemeinen Gesch\u00e4ftsbedingungen (AGB) regeln das Vertragsverh\u00e4ltnis zwischen Berkay Ozer (tilpoxa) und den Kunden unseres Floristik-Onlineshops. Sie bilden die rechtliche Basis f\u00fcr jeden Kauf von Schnittblumen, Topfpflanzen und botanischem Zubeh\u00f6r. \u00a7 1 VERTRAGSSCHLUSS UND PRODUKTDARSTELLUNG Die Pr\u00e4sentation unserer Blumenstr\u00e4u\u00dfe im digitalen Schaufenster von tilpoxa stellt kein rechtlich bindendes Angebot, sondern eine Aufforderung zur Bestellung dar. <a href=\"https:\/\/tilpoxa.blog\/?page_id=48\" class=\"more-link\">&#8230;<span class=\"screen-reader-text\">  Allgemeine Gesch\u00e4ftsbedingungen (AGB)<\/span><\/a><\/p>\n","protected":false},"author":1,"featured_media":0,"parent":0,"menu_order":7,"comment_status":"closed","ping_status":"closed","template":"","meta":{"footnotes":""},"class_list":["post-48","page","type-page","status-publish","hentry"],"_links":{"self":[{"href":"https:\/\/tilpoxa.blog\/index.php?rest_route=\/wp\/v2\/pages\/48","targetHints":{"allow":["GET"]}}],"collection":[{"href":"https:\/\/tilpoxa.blog\/index.php?rest_route=\/wp\/v2\/pages"}],"about":[{"href":"https:\/\/tilpoxa.blog\/index.php?rest_route=\/wp\/v2\/types\/page"}],"author":[{"embeddable":true,"href":"https:\/\/tilpoxa.blog\/index.php?rest_route=\/wp\/v2\/users\/1"}],"replies":[{"embeddable":true,"href":"https:\/\/tilpoxa.blog\/index.php?rest_route=%2Fwp%2Fv2%2Fcomments&post=48"}],"version-history":[{"count":1,"href":"https:\/\/tilpoxa.blog\/index.php?rest_route=\/wp\/v2\/pages\/48\/revisions"}],"predecessor-version":[{"id":49,"href":"https:\/\/tilpoxa.blog\/index.php?rest_route=\/wp\/v2\/pages\/48\/revisions\/49"}],"wp:attachment":[{"href":"https:\/\/tilpoxa.blog\/index.php?rest_route=%2Fwp%2Fv2%2Fmedia&parent=48"}],"curies":[{"name":"wp","href":"https:\/\/api.w.org\/{rel}","templated":true}]}}